{"id":190,"date":"2024-03-03T21:18:43","date_gmt":"2024-03-03T20:18:43","guid":{"rendered":"https:\/\/www.gamechangingalliance.se\/?page_id=190"},"modified":"2024-05-08T12:50:34","modified_gmt":"2024-05-08T10:50:34","slug":"om-oss","status":"publish","type":"page","link":"https:\/\/www.gamechangingalliance.se\/sv\/om-oss\/","title":{"rendered":"Om oss"},"content":{"rendered":"<div class=\"hero mt-4 w-full hero--secondary-text hero--remove-border-radius hero--hight-small hero--image\"> <div class=\"image ofi-holder\"> <img loading=\"lazy\" decoding=\"async\" width=\"2000\" height=\"1123\" src=\"https:\/\/www.gamechangingalliance.se\/wp-content\/uploads\/2024\/04\/AdobeStock_268598785.jpeg\" class=\"w-full\" alt=\"\" sizes=\"auto, (max-width: 500px) 133.57079252004vw, 100vw\" srcset=\"https:\/\/www.gamechangingalliance.se\/wp-content\/uploads\/2024\/04\/AdobeStock_268598785.jpeg 2000w, https:\/\/www.gamechangingalliance.se\/wp-content\/uploads\/2024\/04\/AdobeStock_268598785-300x168.jpeg 300w, https:\/\/www.gamechangingalliance.se\/wp-content\/uploads\/2024\/04\/AdobeStock_268598785-1024x575.jpeg 1024w, https:\/\/www.gamechangingalliance.se\/wp-content\/uploads\/2024\/04\/AdobeStock_268598785-768x431.jpeg 768w, https:\/\/www.gamechangingalliance.se\/wp-content\/uploads\/2024\/04\/AdobeStock_268598785-1536x862.jpeg 1536w\" \/> <\/div> <div class=\"top-1\/2 left-1\/2 -translate-x-1\/2 -translate-y-1\/2 w-full text-center justify-center items-center flex-col absolute flex w-full h-full lg:max-w-[600px] p-4\"> <h1 class=\"mt-0 w-full\">Holistiska och disruptiva<\/h1> <\/div> <\/div>\n\n<div class=\"container mt-8 px-4 mx-auto max-w-3xl bw\"><div class=\"container__inner bw\">\n\n<h1 class=\"wp-block-heading\"><strong>Dags att \u00e4ndra p\u00e5 spelet<\/strong><\/h1>\n\n\n\n<p><strong><br>Tycker du ocks\u00e5 att omst\u00e4llningen av transport- och logistiksystemet kunde g\u00e5 fortare? Vi har idag tre stora utmaningar framf\u00f6r oss som alla beh\u00f6ver v\u00e5r kollektiva uppm\u00e4rksamhet.&nbsp;<\/strong><\/p>\n\n\n\n<p>Energif\u00f6rs\u00f6rjningen beh\u00f6ver bli mer h\u00e5llbar, framtidss\u00e4krad och kostnadseffektiv. Teknologiniv\u00e5n beh\u00f6ver h\u00f6jas i hela systemet f\u00f6r att p\u00e5 riktigt ta vara p\u00e5 den f\u00f6rb\u00e4ttringspotential som finns, det r\u00f6r b\u00e5de h\u00e5rdvara i form av fordon och utrustning men ocks\u00e5 mjukvara och beslutsst\u00f6dssystem. Akt\u00f6rerna i framtidens transport- och logistiksystem beh\u00f6ver ocks\u00e5 nya aff\u00e4rsmodeller som \u00e4r anpassade efter ett nytt grundl\u00e4ge d\u00e4r fossilfrihet, social h\u00e5llbarhet och resurseffektivitet samexisterar \u2013 inte konkurrerar \u2013 med produktivitet och l\u00f6nsamhet.<\/p>\n\n\n\n<p>I Game Changing Alliance st\u00e5r vi enade bakom visionen av ett uppgraderat transport- och logistiksystem. Tillsammans kommer vi att driva p\u00e5, ifr\u00e5gas\u00e4tta, satsa och investera f\u00f6r att accelerera den omst\u00e4llning som m\u00e5ste ske. Vi tror p\u00e5 att leda genom att g\u00e5 f\u00f6re och visa v\u00e4gen, oavsett om det g\u00e4ller elektrifiering, digitalisering, AI, beteendefr\u00e5gor eller aff\u00e4rsmodeller. V\u00e5ra medlemmar \u00e4r alla experter och pionj\u00e4rer inom sina omr\u00e5den och bidrar med unika perspektiv och ing\u00e5ngar som tillsammans med \u00f6vriga skapar en helhet som \u00e4r betydligt st\u00f6rre \u00e4n delarna.&nbsp;<\/p>\n\n\n\n<p>Uppgiften vi som samh\u00e4lle st\u00e5r inf\u00f6r \u00e4r gigantisk, men genom att samla de som vill springa lite fortare, har lite b\u00e4ttre koll och kanske ocks\u00e5 \u00e4r lite mindre l\u00e5sta vid \u201chur det brukar se ut\u201d, kan vi visa hur f\u00f6r\u00e4ndring ser ut p\u00e5 riktigt. Ibland beh\u00f6ver spelreglerna helt enkelt \u00e4ndras f\u00f6r att man ska kunna ta sig vidare.&nbsp;<\/p>\n\n\n\n<p class=\"mt-8\"><strong>Vill du veta hur riktig f\u00f6r\u00e4ndring och omst\u00e4llning skulle kunna se ut?<\/strong> <strong>Kontakta oss g\u00e4rna<\/strong>.<\/p>\n\n<\/div><\/div>\n\n\n<div class=\"wp-block-columns mt-8 px-4 mx-auto max-w-3xl is-layout-flex wp-container-core-columns-is-layout-9d6595d7 wp-block-columns-is-layout-flex\">\n<div class=\"wp-block-column mx-auto xl:max-w-6xl is-layout-flow wp-block-column-is-layout-flow\" style=\"flex-basis:35%\">\n<figure class=\"wp-block-image size-full px-4 mx-auto max-w-3xl wp-duotone-unset-1\"><img loading=\"lazy\" decoding=\"async\" width=\"800\" height=\"800\" src=\"https:\/\/www.gamechangingalliance.se\/wp-content\/uploads\/2024\/04\/P-O.jpg\" alt=\"\" class=\"wp-image-900\" style=\"aspect-ratio:1;object-fit:cover\" srcset=\"https:\/\/www.gamechangingalliance.se\/wp-content\/uploads\/2024\/04\/P-O.jpg 800w, https:\/\/www.gamechangingalliance.se\/wp-content\/uploads\/2024\/04\/P-O-300x300.jpg 300w, https:\/\/www.gamechangingalliance.se\/wp-content\/uploads\/2024\/04\/P-O-150x150.jpg 150w, https:\/\/www.gamechangingalliance.se\/wp-content\/uploads\/2024\/04\/P-O-768x768.jpg 768w\" sizes=\"auto, (max-width: 800px) 100vw, 800px\" \/><\/figure>\n<\/div>\n\n\n\n<div class=\"wp-block-column mx-auto xl:max-w-6xl is-layout-flow wp-block-column-is-layout-flow\" style=\"flex-basis:65%\">\n<p class=\"is-style-default mt-4\"><strong>Per Olof Arn\u00e4s, PhD<\/strong><br>Generalsekreterare<\/p>\n\n\n\n<p class=\"is-style-small mt-4\"><a href=\"tel:+4747360560\">+46 709 52 34 43<\/a><br><a href=\"mailto:per-olof.arnas@gamechangingalliance.se\" target=\"_blank\" rel=\"noreferrer noopener\">per-olof.arnas@gamechangingalliance.se<\/a><\/p>\n<\/div>\n<\/div>\n\n\n\n<p class=\"mt-8\"><\/p>\n","protected":false},"excerpt":{"rendered":"<p>Per Olof Arn\u00e4s, PhDGeneralsekreterare +46 709 52 34 43per-olof.arnas@gamechangingalliance.se<\/p>\n","protected":false},"author":2,"featured_media":0,"parent":0,"menu_order":0,"comment_status":"closed","ping_status":"closed","template":"","meta":{"_acf_changed":false,"footnotes":""},"class_list":["post-190","page","type-page","status-publish","hentry"],"acf":[],"yoast_head":"<!-- This site is optimized with the Yoast SEO plugin v27.5 - https:\/\/yoast.com\/product\/yoast-seo-wordpress\/ -->\n<title>Om oss - Game Changing Alliance<\/title>\n<meta name=\"robots\" content=\"index, follow, max-snippet:-1, max-image-preview:large, max-video-preview:-1\" \/>\n<link rel=\"canonical\" href=\"https:\/\/www.gamechangingalliance.se\/om-oss\/\" \/>\n<meta property=\"og:locale\" content=\"sv_SE\" \/>\n<meta property=\"og:type\" content=\"article\" \/>\n<meta property=\"og:title\" content=\"Om oss - Game Changing Alliance\" \/>\n<meta property=\"og:description\" content=\"Per Olof Arn\u00e4s, PhDGeneralsekreterare +46 709 52 34 43per-olof.arnas@gamechangingalliance.se\" \/>\n<meta property=\"og:url\" content=\"https:\/\/www.gamechangingalliance.se\/om-oss\/\" \/>\n<meta property=\"og:site_name\" content=\"Game Changing Alliance\" \/>\n<meta property=\"article:modified_time\" content=\"2024-05-08T10:50:34+00:00\" \/>\n<meta property=\"og:image\" content=\"https:\/\/www.gamechangingalliance.se\/wp-content\/uploads\/2024\/04\/P-O.jpg\" \/>\n<meta name=\"twitter:card\" content=\"summary_large_image\" \/>\n<meta name=\"twitter:label1\" content=\"Ber\u00e4knad l\u00e4stid\" \/>\n\t<meta name=\"twitter:data1\" content=\"2 minuter\" \/>\n<script type=\"application\/ld+json\" class=\"yoast-schema-graph\">{\"@context\":\"https:\\\/\\\/schema.org\",\"@graph\":[{\"@type\":\"WebPage\",\"@id\":\"https:\\\/\\\/www.gamechangingalliance.se\\\/om-oss\\\/\",\"url\":\"https:\\\/\\\/www.gamechangingalliance.se\\\/om-oss\\\/\",\"name\":\"Om oss - Game Changing Alliance\",\"isPartOf\":{\"@id\":\"https:\\\/\\\/www.gamechangingalliance.se\\\/#website\"},\"primaryImageOfPage\":{\"@id\":\"https:\\\/\\\/www.gamechangingalliance.se\\\/om-oss\\\/#primaryimage\"},\"image\":{\"@id\":\"https:\\\/\\\/www.gamechangingalliance.se\\\/om-oss\\\/#primaryimage\"},\"thumbnailUrl\":\"https:\\\/\\\/www.gamechangingalliance.se\\\/wp-content\\\/uploads\\\/2024\\\/04\\\/P-O.jpg\",\"datePublished\":\"2024-03-03T20:18:43+00:00\",\"dateModified\":\"2024-05-08T10:50:34+00:00\",\"breadcrumb\":{\"@id\":\"https:\\\/\\\/www.gamechangingalliance.se\\\/om-oss\\\/#breadcrumb\"},\"inLanguage\":\"sv-SE\",\"potentialAction\":[{\"@type\":\"ReadAction\",\"target\":[\"https:\\\/\\\/www.gamechangingalliance.se\\\/om-oss\\\/\"]}]},{\"@type\":\"ImageObject\",\"inLanguage\":\"sv-SE\",\"@id\":\"https:\\\/\\\/www.gamechangingalliance.se\\\/om-oss\\\/#primaryimage\",\"url\":\"https:\\\/\\\/www.gamechangingalliance.se\\\/wp-content\\\/uploads\\\/2024\\\/04\\\/P-O.jpg\",\"contentUrl\":\"https:\\\/\\\/www.gamechangingalliance.se\\\/wp-content\\\/uploads\\\/2024\\\/04\\\/P-O.jpg\"},{\"@type\":\"BreadcrumbList\",\"@id\":\"https:\\\/\\\/www.gamechangingalliance.se\\\/om-oss\\\/#breadcrumb\",\"itemListElement\":[{\"@type\":\"ListItem\",\"position\":1,\"name\":\"Hem\",\"item\":\"https:\\\/\\\/www.gamechangingalliance.se\\\/\"},{\"@type\":\"ListItem\",\"position\":2,\"name\":\"Om oss\"}]},{\"@type\":\"WebSite\",\"@id\":\"https:\\\/\\\/www.gamechangingalliance.se\\\/#website\",\"url\":\"https:\\\/\\\/www.gamechangingalliance.se\\\/\",\"name\":\"Game Changing Alliance\",\"description\":\"F\u00f6r l\u00e5ngsiktigt h\u00e5llbara transport- och logistiksystem\",\"publisher\":{\"@id\":\"https:\\\/\\\/www.gamechangingalliance.se\\\/#organization\"},\"potentialAction\":[{\"@type\":\"SearchAction\",\"target\":{\"@type\":\"EntryPoint\",\"urlTemplate\":\"https:\\\/\\\/www.gamechangingalliance.se\\\/?s={search_term_string}\"},\"query-input\":{\"@type\":\"PropertyValueSpecification\",\"valueRequired\":true,\"valueName\":\"search_term_string\"}}],\"inLanguage\":\"sv-SE\"},{\"@type\":\"Organization\",\"@id\":\"https:\\\/\\\/www.gamechangingalliance.se\\\/#organization\",\"name\":\"Game Changing Alliance\",\"url\":\"https:\\\/\\\/www.gamechangingalliance.se\\\/\",\"logo\":{\"@type\":\"ImageObject\",\"inLanguage\":\"sv-SE\",\"@id\":\"https:\\\/\\\/www.gamechangingalliance.se\\\/#\\\/schema\\\/logo\\\/image\\\/\",\"url\":\"https:\\\/\\\/www.gamechangingalliance.se\\\/wp-content\\\/uploads\\\/2024\\\/05\\\/GCA_square_green.png\",\"contentUrl\":\"https:\\\/\\\/www.gamechangingalliance.se\\\/wp-content\\\/uploads\\\/2024\\\/05\\\/GCA_square_green.png\",\"width\":323,\"height\":324,\"caption\":\"Game Changing Alliance\"},\"image\":{\"@id\":\"https:\\\/\\\/www.gamechangingalliance.se\\\/#\\\/schema\\\/logo\\\/image\\\/\"},\"sameAs\":[\"https:\\\/\\\/www.linkedin.com\\\/company\\\/game-changing-alliance\\\/\"]}]}<\/script>\n<!-- \/ Yoast SEO plugin. -->","yoast_head_json":{"title":"Om oss - Game Changing Alliance","robots":{"index":"index","follow":"follow","max-snippet":"max-snippet:-1","max-image-preview":"max-image-preview:large","max-video-preview":"max-video-preview:-1"},"canonical":"https:\/\/www.gamechangingalliance.se\/om-oss\/","og_locale":"sv_SE","og_type":"article","og_title":"Om oss - Game Changing Alliance","og_description":"Per Olof Arn\u00e4s, PhDGeneralsekreterare +46 709 52 34 43per-olof.arnas@gamechangingalliance.se","og_url":"https:\/\/www.gamechangingalliance.se\/om-oss\/","og_site_name":"Game Changing Alliance","article_modified_time":"2024-05-08T10:50:34+00:00","og_image":[{"url":"https:\/\/www.gamechangingalliance.se\/wp-content\/uploads\/2024\/04\/P-O.jpg","type":"","width":"","height":""}],"twitter_card":"summary_large_image","twitter_misc":{"Ber\u00e4knad l\u00e4stid":"2 minuter"},"schema":{"@context":"https:\/\/schema.org","@graph":[{"@type":"WebPage","@id":"https:\/\/www.gamechangingalliance.se\/om-oss\/","url":"https:\/\/www.gamechangingalliance.se\/om-oss\/","name":"Om oss - Game Changing Alliance","isPartOf":{"@id":"https:\/\/www.gamechangingalliance.se\/#website"},"primaryImageOfPage":{"@id":"https:\/\/www.gamechangingalliance.se\/om-oss\/#primaryimage"},"image":{"@id":"https:\/\/www.gamechangingalliance.se\/om-oss\/#primaryimage"},"thumbnailUrl":"https:\/\/www.gamechangingalliance.se\/wp-content\/uploads\/2024\/04\/P-O.jpg","datePublished":"2024-03-03T20:18:43+00:00","dateModified":"2024-05-08T10:50:34+00:00","breadcrumb":{"@id":"https:\/\/www.gamechangingalliance.se\/om-oss\/#breadcrumb"},"inLanguage":"sv-SE","potentialAction":[{"@type":"ReadAction","target":["https:\/\/www.gamechangingalliance.se\/om-oss\/"]}]},{"@type":"ImageObject","inLanguage":"sv-SE","@id":"https:\/\/www.gamechangingalliance.se\/om-oss\/#primaryimage","url":"https:\/\/www.gamechangingalliance.se\/wp-content\/uploads\/2024\/04\/P-O.jpg","contentUrl":"https:\/\/www.gamechangingalliance.se\/wp-content\/uploads\/2024\/04\/P-O.jpg"},{"@type":"BreadcrumbList","@id":"https:\/\/www.gamechangingalliance.se\/om-oss\/#breadcrumb","itemListElement":[{"@type":"ListItem","position":1,"name":"Hem","item":"https:\/\/www.gamechangingalliance.se\/"},{"@type":"ListItem","position":2,"name":"Om oss"}]},{"@type":"WebSite","@id":"https:\/\/www.gamechangingalliance.se\/#website","url":"https:\/\/www.gamechangingalliance.se\/","name":"Game Changing Alliance","description":"F\u00f6r l\u00e5ngsiktigt h\u00e5llbara transport- och logistiksystem","publisher":{"@id":"https:\/\/www.gamechangingalliance.se\/#organization"},"potentialAction":[{"@type":"SearchAction","target":{"@type":"EntryPoint","urlTemplate":"https:\/\/www.gamechangingalliance.se\/?s={search_term_string}"},"query-input":{"@type":"PropertyValueSpecification","valueRequired":true,"valueName":"search_term_string"}}],"inLanguage":"sv-SE"},{"@type":"Organization","@id":"https:\/\/www.gamechangingalliance.se\/#organization","name":"Game Changing Alliance","url":"https:\/\/www.gamechangingalliance.se\/","logo":{"@type":"ImageObject","inLanguage":"sv-SE","@id":"https:\/\/www.gamechangingalliance.se\/#\/schema\/logo\/image\/","url":"https:\/\/www.gamechangingalliance.se\/wp-content\/uploads\/2024\/05\/GCA_square_green.png","contentUrl":"https:\/\/www.gamechangingalliance.se\/wp-content\/uploads\/2024\/05\/GCA_square_green.png","width":323,"height":324,"caption":"Game Changing Alliance"},"image":{"@id":"https:\/\/www.gamechangingalliance.se\/#\/schema\/logo\/image\/"},"sameAs":["https:\/\/www.linkedin.com\/company\/game-changing-alliance\/"]}]}},"_links":{"self":[{"href":"https:\/\/www.gamechangingalliance.se\/sv\/wp-json\/wp\/v2\/pages\/190","targetHints":{"allow":["GET"]}}],"collection":[{"href":"https:\/\/www.gamechangingalliance.se\/sv\/wp-json\/wp\/v2\/pages"}],"about":[{"href":"https:\/\/www.gamechangingalliance.se\/sv\/wp-json\/wp\/v2\/types\/page"}],"author":[{"embeddable":true,"href":"https:\/\/www.gamechangingalliance.se\/sv\/wp-json\/wp\/v2\/users\/2"}],"replies":[{"embeddable":true,"href":"https:\/\/www.gamechangingalliance.se\/sv\/wp-json\/wp\/v2\/comments?post=190"}],"version-history":[{"count":5,"href":"https:\/\/www.gamechangingalliance.se\/sv\/wp-json\/wp\/v2\/pages\/190\/revisions"}],"predecessor-version":[{"id":1015,"href":"https:\/\/www.gamechangingalliance.se\/sv\/wp-json\/wp\/v2\/pages\/190\/revisions\/1015"}],"wp:attachment":[{"href":"https:\/\/www.gamechangingalliance.se\/sv\/wp-json\/wp\/v2\/media?parent=190"}],"curies":[{"name":"wp","href":"https:\/\/api.w.org\/{rel}","templated":true}]}}