{"id":1498,"date":"2025-05-22T11:48:03","date_gmt":"2025-05-22T09:48:03","guid":{"rendered":"https:\/\/www.gamechangingalliance.se\/?page_id=1498"},"modified":"2025-05-22T11:54:05","modified_gmt":"2025-05-22T09:54:05","slug":"almedalen-2025","status":"publish","type":"page","link":"https:\/\/www.gamechangingalliance.se\/sv\/almedalen-2025\/","title":{"rendered":"Almedalen 2025"},"content":{"rendered":"<div class=\"hero mt-8 px-4 xl:px-0 xl:max-w-6xl xl:mx-auto hero--secondary-text hero--hight-small hero--image\"> <div class=\"image ofi-holder\"> <img loading=\"lazy\" decoding=\"async\" width=\"2000\" height=\"1333\" src=\"https:\/\/www.gamechangingalliance.se\/wp-content\/uploads\/2024\/04\/AdobeStock_169852353-1.jpeg\" class=\"w-full\" alt=\"\" sizes=\"auto, (max-width: 500px) 112.52813203301vw, 100vw\" srcset=\"https:\/\/www.gamechangingalliance.se\/wp-content\/uploads\/2024\/04\/AdobeStock_169852353-1.jpeg 2000w, https:\/\/www.gamechangingalliance.se\/wp-content\/uploads\/2024\/04\/AdobeStock_169852353-1-300x200.jpeg 300w, https:\/\/www.gamechangingalliance.se\/wp-content\/uploads\/2024\/04\/AdobeStock_169852353-1-1024x682.jpeg 1024w, https:\/\/www.gamechangingalliance.se\/wp-content\/uploads\/2024\/04\/AdobeStock_169852353-1-768x512.jpeg 768w, https:\/\/www.gamechangingalliance.se\/wp-content\/uploads\/2024\/04\/AdobeStock_169852353-1-1536x1024.jpeg 1536w\" \/> <\/div> <div class=\"top-1\/2 left-1\/2 -translate-x-1\/2 -translate-y-1\/2 w-full text-center justify-center items-center flex-col absolute flex w-full h-full lg:max-w-[600px] p-4\"> <h1 class=\"mt-0 w-full\">Almedalen 2025<\/h1> <\/div> <\/div>\n\n<div class=\"container mt-8 px-4 mx-auto max-w-3xl bw\"><div class=\"container__inner bw\">\n\n<h1 class=\"wp-block-heading\"><strong>Vi \u00e4r med d\u00e4r det h\u00e4nder<\/strong><\/h1>\n\n\n\n<p class=\"mt-4\">Game Changing Alliance finns sj\u00e4lvklart p\u00e5 plats i Almedalen d\u00e4r vi deltar i det offentliga samtalet, bidrar med expertis och driver p\u00e5 utvecklingen d\u00e4r det beh\u00f6vs som mest. F\u00f6rutom v\u00e5rt egna seminarie \u00e4r vi ocks\u00e5 tillg\u00e4ngliga att delta i andra sammanhang. Vill du ha en expert i din panel som vill att vi som samh\u00e4lle och bransch springer lite fortare, g\u00f6r lite mer och att det \u00e4r dags att sl\u00e4ppa h\u00f6rnflaggan p\u00e5 riktigt? Tveka inte att h\u00f6ra av dig!<\/p>\n\n<\/div><\/div>\n\n<div class=\"container mt-0 mx-auto xl:max-w-6xl bw padding-s\"><div class=\"container__inner bw\">\n<div class=\"post-feed mt-16 mx-auto xl:max-w-6xl\"> <p>Sorry, no posts.<\/p><\/div>\n<\/div><\/div>","protected":false},"excerpt":{"rendered":"","protected":false},"author":3,"featured_media":0,"parent":0,"menu_order":0,"comment_status":"closed","ping_status":"closed","template":"","meta":{"_acf_changed":false,"footnotes":""},"class_list":["post-1498","page","type-page","status-publish","hentry"],"acf":[],"yoast_head":"<!-- This site is optimized with the Yoast SEO plugin v27.4 - https:\/\/yoast.com\/product\/yoast-seo-wordpress\/ -->\n<title>Almedalen 2025 - Vi \u00e4r med d\u00e4r det h\u00e4nder - Game Changing Alliance<\/title>\n<meta name=\"description\" content=\"Vi \u00e4r sj\u00e4lvklart p\u00e5 plats i Almedalen d\u00e4r vi deltar i det offentliga samtalet, bidrar med expertis och driver p\u00e5 utvecklingen d\u00e4r det beh\u00f6vs som mest.\" \/>\n<meta name=\"robots\" content=\"index, follow, max-snippet:-1, max-image-preview:large, max-video-preview:-1\" \/>\n<link rel=\"canonical\" href=\"https:\/\/www.gamechangingalliance.se\/sv\/almedalen-2025\/\" \/>\n<meta property=\"og:locale\" content=\"sv_SE\" \/>\n<meta property=\"og:type\" content=\"article\" \/>\n<meta property=\"og:title\" content=\"Almedalen 2025 - Vi \u00e4r med d\u00e4r det h\u00e4nder - Game Changing Alliance\" \/>\n<meta property=\"og:description\" content=\"Vi \u00e4r sj\u00e4lvklart p\u00e5 plats i Almedalen d\u00e4r vi deltar i det offentliga samtalet, bidrar med expertis och driver p\u00e5 utvecklingen d\u00e4r det beh\u00f6vs som mest.\" \/>\n<meta property=\"og:url\" content=\"https:\/\/www.gamechangingalliance.se\/sv\/almedalen-2025\/\" \/>\n<meta property=\"og:site_name\" content=\"Game Changing Alliance\" \/>\n<meta property=\"article:modified_time\" content=\"2025-05-22T09:54:05+00:00\" \/>\n<meta name=\"twitter:card\" content=\"summary_large_image\" \/>\n<meta name=\"twitter:label1\" content=\"Ber\u00e4knad l\u00e4stid\" \/>\n\t<meta name=\"twitter:data1\" content=\"1 minut\" \/>\n<script type=\"application\/ld+json\" class=\"yoast-schema-graph\">{\"@context\":\"https:\\\/\\\/schema.org\",\"@graph\":[{\"@type\":\"WebPage\",\"@id\":\"https:\\\/\\\/www.gamechangingalliance.se\\\/sv\\\/almedalen-2025\\\/\",\"url\":\"https:\\\/\\\/www.gamechangingalliance.se\\\/sv\\\/almedalen-2025\\\/\",\"name\":\"Almedalen 2025 - Vi \u00e4r med d\u00e4r det h\u00e4nder - Game Changing Alliance\",\"isPartOf\":{\"@id\":\"https:\\\/\\\/www.gamechangingalliance.se\\\/#website\"},\"datePublished\":\"2025-05-22T09:48:03+00:00\",\"dateModified\":\"2025-05-22T09:54:05+00:00\",\"description\":\"Vi \u00e4r sj\u00e4lvklart p\u00e5 plats i Almedalen d\u00e4r vi deltar i det offentliga samtalet, bidrar med expertis och driver p\u00e5 utvecklingen d\u00e4r det beh\u00f6vs som mest.\",\"breadcrumb\":{\"@id\":\"https:\\\/\\\/www.gamechangingalliance.se\\\/sv\\\/almedalen-2025\\\/#breadcrumb\"},\"inLanguage\":\"sv-SE\",\"potentialAction\":[{\"@type\":\"ReadAction\",\"target\":[\"https:\\\/\\\/www.gamechangingalliance.se\\\/sv\\\/almedalen-2025\\\/\"]}]},{\"@type\":\"BreadcrumbList\",\"@id\":\"https:\\\/\\\/www.gamechangingalliance.se\\\/sv\\\/almedalen-2025\\\/#breadcrumb\",\"itemListElement\":[{\"@type\":\"ListItem\",\"position\":1,\"name\":\"Hem\",\"item\":\"https:\\\/\\\/www.gamechangingalliance.se\\\/\"},{\"@type\":\"ListItem\",\"position\":2,\"name\":\"Almedalen 2025\"}]},{\"@type\":\"WebSite\",\"@id\":\"https:\\\/\\\/www.gamechangingalliance.se\\\/#website\",\"url\":\"https:\\\/\\\/www.gamechangingalliance.se\\\/\",\"name\":\"Game Changing Alliance\",\"description\":\"F\u00f6r l\u00e5ngsiktigt h\u00e5llbara transport- och logistiksystem\",\"publisher\":{\"@id\":\"https:\\\/\\\/www.gamechangingalliance.se\\\/#organization\"},\"potentialAction\":[{\"@type\":\"SearchAction\",\"target\":{\"@type\":\"EntryPoint\",\"urlTemplate\":\"https:\\\/\\\/www.gamechangingalliance.se\\\/?s={search_term_string}\"},\"query-input\":{\"@type\":\"PropertyValueSpecification\",\"valueRequired\":true,\"valueName\":\"search_term_string\"}}],\"inLanguage\":\"sv-SE\"},{\"@type\":\"Organization\",\"@id\":\"https:\\\/\\\/www.gamechangingalliance.se\\\/#organization\",\"name\":\"Game Changing Alliance\",\"url\":\"https:\\\/\\\/www.gamechangingalliance.se\\\/\",\"logo\":{\"@type\":\"ImageObject\",\"inLanguage\":\"sv-SE\",\"@id\":\"https:\\\/\\\/www.gamechangingalliance.se\\\/#\\\/schema\\\/logo\\\/image\\\/\",\"url\":\"https:\\\/\\\/www.gamechangingalliance.se\\\/wp-content\\\/uploads\\\/2024\\\/05\\\/GCA_square_green.png\",\"contentUrl\":\"https:\\\/\\\/www.gamechangingalliance.se\\\/wp-content\\\/uploads\\\/2024\\\/05\\\/GCA_square_green.png\",\"width\":323,\"height\":324,\"caption\":\"Game Changing Alliance\"},\"image\":{\"@id\":\"https:\\\/\\\/www.gamechangingalliance.se\\\/#\\\/schema\\\/logo\\\/image\\\/\"},\"sameAs\":[\"https:\\\/\\\/www.linkedin.com\\\/company\\\/game-changing-alliance\\\/\"]}]}<\/script>\n<!-- \/ Yoast SEO plugin. -->","yoast_head_json":{"title":"Almedalen 2025 - Vi \u00e4r med d\u00e4r det h\u00e4nder - Game Changing Alliance","description":"Vi \u00e4r sj\u00e4lvklart p\u00e5 plats i Almedalen d\u00e4r vi deltar i det offentliga samtalet, bidrar med expertis och driver p\u00e5 utvecklingen d\u00e4r det beh\u00f6vs som mest.","robots":{"index":"index","follow":"follow","max-snippet":"max-snippet:-1","max-image-preview":"max-image-preview:large","max-video-preview":"max-video-preview:-1"},"canonical":"https:\/\/www.gamechangingalliance.se\/sv\/almedalen-2025\/","og_locale":"sv_SE","og_type":"article","og_title":"Almedalen 2025 - Vi \u00e4r med d\u00e4r det h\u00e4nder - Game Changing Alliance","og_description":"Vi \u00e4r sj\u00e4lvklart p\u00e5 plats i Almedalen d\u00e4r vi deltar i det offentliga samtalet, bidrar med expertis och driver p\u00e5 utvecklingen d\u00e4r det beh\u00f6vs som mest.","og_url":"https:\/\/www.gamechangingalliance.se\/sv\/almedalen-2025\/","og_site_name":"Game Changing Alliance","article_modified_time":"2025-05-22T09:54:05+00:00","twitter_card":"summary_large_image","twitter_misc":{"Ber\u00e4knad l\u00e4stid":"1 minut"},"schema":{"@context":"https:\/\/schema.org","@graph":[{"@type":"WebPage","@id":"https:\/\/www.gamechangingalliance.se\/sv\/almedalen-2025\/","url":"https:\/\/www.gamechangingalliance.se\/sv\/almedalen-2025\/","name":"Almedalen 2025 - Vi \u00e4r med d\u00e4r det h\u00e4nder - Game Changing Alliance","isPartOf":{"@id":"https:\/\/www.gamechangingalliance.se\/#website"},"datePublished":"2025-05-22T09:48:03+00:00","dateModified":"2025-05-22T09:54:05+00:00","description":"Vi \u00e4r sj\u00e4lvklart p\u00e5 plats i Almedalen d\u00e4r vi deltar i det offentliga samtalet, bidrar med expertis och driver p\u00e5 utvecklingen d\u00e4r det beh\u00f6vs som mest.","breadcrumb":{"@id":"https:\/\/www.gamechangingalliance.se\/sv\/almedalen-2025\/#breadcrumb"},"inLanguage":"sv-SE","potentialAction":[{"@type":"ReadAction","target":["https:\/\/www.gamechangingalliance.se\/sv\/almedalen-2025\/"]}]},{"@type":"BreadcrumbList","@id":"https:\/\/www.gamechangingalliance.se\/sv\/almedalen-2025\/#breadcrumb","itemListElement":[{"@type":"ListItem","position":1,"name":"Hem","item":"https:\/\/www.gamechangingalliance.se\/"},{"@type":"ListItem","position":2,"name":"Almedalen 2025"}]},{"@type":"WebSite","@id":"https:\/\/www.gamechangingalliance.se\/#website","url":"https:\/\/www.gamechangingalliance.se\/","name":"Game Changing Alliance","description":"F\u00f6r l\u00e5ngsiktigt h\u00e5llbara transport- och logistiksystem","publisher":{"@id":"https:\/\/www.gamechangingalliance.se\/#organization"},"potentialAction":[{"@type":"SearchAction","target":{"@type":"EntryPoint","urlTemplate":"https:\/\/www.gamechangingalliance.se\/?s={search_term_string}"},"query-input":{"@type":"PropertyValueSpecification","valueRequired":true,"valueName":"search_term_string"}}],"inLanguage":"sv-SE"},{"@type":"Organization","@id":"https:\/\/www.gamechangingalliance.se\/#organization","name":"Game Changing Alliance","url":"https:\/\/www.gamechangingalliance.se\/","logo":{"@type":"ImageObject","inLanguage":"sv-SE","@id":"https:\/\/www.gamechangingalliance.se\/#\/schema\/logo\/image\/","url":"https:\/\/www.gamechangingalliance.se\/wp-content\/uploads\/2024\/05\/GCA_square_green.png","contentUrl":"https:\/\/www.gamechangingalliance.se\/wp-content\/uploads\/2024\/05\/GCA_square_green.png","width":323,"height":324,"caption":"Game Changing Alliance"},"image":{"@id":"https:\/\/www.gamechangingalliance.se\/#\/schema\/logo\/image\/"},"sameAs":["https:\/\/www.linkedin.com\/company\/game-changing-alliance\/"]}]}},"_links":{"self":[{"href":"https:\/\/www.gamechangingalliance.se\/sv\/wp-json\/wp\/v2\/pages\/1498","targetHints":{"allow":["GET"]}}],"collection":[{"href":"https:\/\/www.gamechangingalliance.se\/sv\/wp-json\/wp\/v2\/pages"}],"about":[{"href":"https:\/\/www.gamechangingalliance.se\/sv\/wp-json\/wp\/v2\/types\/page"}],"author":[{"embeddable":true,"href":"https:\/\/www.gamechangingalliance.se\/sv\/wp-json\/wp\/v2\/users\/3"}],"replies":[{"embeddable":true,"href":"https:\/\/www.gamechangingalliance.se\/sv\/wp-json\/wp\/v2\/comments?post=1498"}],"version-history":[{"count":3,"href":"https:\/\/www.gamechangingalliance.se\/sv\/wp-json\/wp\/v2\/pages\/1498\/revisions"}],"predecessor-version":[{"id":1502,"href":"https:\/\/www.gamechangingalliance.se\/sv\/wp-json\/wp\/v2\/pages\/1498\/revisions\/1502"}],"wp:attachment":[{"href":"https:\/\/www.gamechangingalliance.se\/sv\/wp-json\/wp\/v2\/media?parent=1498"}],"curies":[{"name":"wp","href":"https:\/\/api.w.org\/{rel}","templated":true}]}}