{"id":112,"date":"2024-02-29T08:05:44","date_gmt":"2024-02-29T07:05:44","guid":{"rendered":"https:\/\/www.gamechangingalliance.se\/?page_id=112"},"modified":"2024-05-14T20:16:29","modified_gmt":"2024-05-14T18:16:29","slug":"kontakt","status":"publish","type":"page","link":"https:\/\/www.gamechangingalliance.se\/sv\/kontakt\/","title":{"rendered":"Kontakt"},"content":{"rendered":"<div class=\"hero mt-4 w-full hero--secondary-text hero--remove-border-radius hero--hight-small hero--image\"> <div class=\"image ofi-holder\"> <img loading=\"lazy\" decoding=\"async\" width=\"2500\" height=\"600\" src=\"https:\/\/www.gamechangingalliance.se\/wp-content\/uploads\/2024\/04\/GCA_toppbildskollage_kontakt.jpg\" class=\"w-full\" alt=\"\" sizes=\"auto, (max-width: 500px) 312.5vw, 125vw\" srcset=\"https:\/\/www.gamechangingalliance.se\/wp-content\/uploads\/2024\/04\/GCA_toppbildskollage_kontakt.jpg 2500w, https:\/\/www.gamechangingalliance.se\/wp-content\/uploads\/2024\/04\/GCA_toppbildskollage_kontakt-300x72.jpg 300w, https:\/\/www.gamechangingalliance.se\/wp-content\/uploads\/2024\/04\/GCA_toppbildskollage_kontakt-1024x246.jpg 1024w, https:\/\/www.gamechangingalliance.se\/wp-content\/uploads\/2024\/04\/GCA_toppbildskollage_kontakt-768x184.jpg 768w, https:\/\/www.gamechangingalliance.se\/wp-content\/uploads\/2024\/04\/GCA_toppbildskollage_kontakt-1536x369.jpg 1536w, https:\/\/www.gamechangingalliance.se\/wp-content\/uploads\/2024\/04\/GCA_toppbildskollage_kontakt-2048x492.jpg 2048w\" \/> <\/div> <div class=\"top-1\/2 left-1\/2 -translate-x-1\/2 -translate-y-1\/2 w-full text-center justify-center items-center flex-col absolute flex w-full h-full lg:max-w-[600px] p-4\"> <h1 class=\"mt-0 w-full\">Kontakta oss<\/h1> <\/div> <\/div>\n\n<div class=\"container mt-8 px-4 mx-auto max-w-3xl bw\"><div class=\"container__inner bw\">\n\n<p>H\u00f6r g\u00e4rna av dig om du \u00e4r intresserad av att veta mer om oss. Vi \u00e4r en allians som g\u00e4rna samarbetar med andra som f\u00f6rst\u00e5r att omst\u00e4llningen till ett uppgraderat transport- och logistiksystem m\u00e5ste g\u00e5r fortare.<br><\/p>\n\n<\/div><\/div>\n\n\n<div class=\"wp-block-columns mt-8 px-4 mx-auto max-w-3xl is-layout-flex wp-container-core-columns-is-layout-9d6595d7 wp-block-columns-is-layout-flex\">\n<div class=\"wp-block-column mx-auto xl:max-w-6xl is-layout-flow wp-block-column-is-layout-flow\" style=\"flex-basis:35%\">\n<figure class=\"wp-block-image size-full px-4 mx-auto max-w-3xl wp-duotone-unset-1\"><img loading=\"lazy\" decoding=\"async\" width=\"800\" height=\"800\" src=\"https:\/\/www.gamechangingalliance.se\/wp-content\/uploads\/2024\/04\/P-O.jpg\" alt=\"\" class=\"wp-image-900\" style=\"aspect-ratio:1;object-fit:cover\" srcset=\"https:\/\/www.gamechangingalliance.se\/wp-content\/uploads\/2024\/04\/P-O.jpg 800w, https:\/\/www.gamechangingalliance.se\/wp-content\/uploads\/2024\/04\/P-O-300x300.jpg 300w, https:\/\/www.gamechangingalliance.se\/wp-content\/uploads\/2024\/04\/P-O-150x150.jpg 150w, https:\/\/www.gamechangingalliance.se\/wp-content\/uploads\/2024\/04\/P-O-768x768.jpg 768w\" sizes=\"auto, (max-width: 800px) 100vw, 800px\" \/><\/figure>\n<\/div>\n\n\n\n<div class=\"wp-block-column flex-col mx-auto xl:max-w-6xl is-layout-flow wp-block-column-is-layout-flow\" style=\"flex-basis:65%\">\n<p class=\"is-style-default mt-4\"><strong>Per Olof Arn\u00e4s, PhD<\/strong><br>Generalsekreterare<\/p>\n\n\n\n<p class=\"is-style-small mt-0\"><a href=\"tel:+4747360560\">+46 709 52 34 43<\/a><br><a href=\"mailto:per-olof.arnas@gamechangingalliance.se\" target=\"_blank\" rel=\"noreferrer noopener\">per-olof.arnas@gamechangingalliance.se<\/a><\/p>\n\n\n\n<p class=\"is-style-small mt-0\"><a href=\"mailto:kontakt@gamechangingalliance.se\" target=\"_blank\" rel=\"noreferrer noopener\">kontakt@gamechangingalliance.se<\/a><\/p>\n<\/div>\n<\/div>\n\n\n\n<p class=\"mt-8\"><\/p>\n","protected":false},"excerpt":{"rendered":"<p>Per Olof Arn\u00e4s, PhDGeneralsekreterare +46 709 52 34 43per-olof.arnas@gamechangingalliance.se kontakt@gamechangingalliance.se<\/p>\n","protected":false},"author":2,"featured_media":0,"parent":0,"menu_order":0,"comment_status":"closed","ping_status":"closed","template":"","meta":{"_acf_changed":false,"footnotes":""},"class_list":["post-112","page","type-page","status-publish","hentry"],"acf":[],"yoast_head":"<!-- This site is optimized with the Yoast SEO plugin v27.5 - https:\/\/yoast.com\/product\/yoast-seo-wordpress\/ -->\n<title>Kontakt - Game Changing Alliance<\/title>\n<meta name=\"robots\" content=\"index, follow, max-snippet:-1, max-image-preview:large, max-video-preview:-1\" \/>\n<link rel=\"canonical\" href=\"https:\/\/www.gamechangingalliance.se\/kontakt\/\" \/>\n<meta property=\"og:locale\" content=\"sv_SE\" \/>\n<meta property=\"og:type\" content=\"article\" \/>\n<meta property=\"og:title\" content=\"Kontakt - Game Changing Alliance\" \/>\n<meta property=\"og:description\" content=\"Per Olof Arn\u00e4s, PhDGeneralsekreterare +46 709 52 34 43per-olof.arnas@gamechangingalliance.se kontakt@gamechangingalliance.se\" \/>\n<meta property=\"og:url\" content=\"https:\/\/www.gamechangingalliance.se\/kontakt\/\" \/>\n<meta property=\"og:site_name\" content=\"Game Changing Alliance\" \/>\n<meta property=\"article:modified_time\" content=\"2024-05-14T18:16:29+00:00\" \/>\n<meta property=\"og:image\" content=\"https:\/\/www.gamechangingalliance.se\/wp-content\/uploads\/2024\/04\/P-O.jpg\" \/>\n<meta name=\"twitter:card\" content=\"summary_large_image\" \/>\n<meta name=\"twitter:label1\" content=\"Ber\u00e4knad l\u00e4stid\" \/>\n\t<meta name=\"twitter:data1\" content=\"1 minut\" \/>\n<script type=\"application\/ld+json\" class=\"yoast-schema-graph\">{\"@context\":\"https:\\\/\\\/schema.org\",\"@graph\":[{\"@type\":\"WebPage\",\"@id\":\"https:\\\/\\\/www.gamechangingalliance.se\\\/kontakt\\\/\",\"url\":\"https:\\\/\\\/www.gamechangingalliance.se\\\/kontakt\\\/\",\"name\":\"Kontakt - Game Changing Alliance\",\"isPartOf\":{\"@id\":\"https:\\\/\\\/www.gamechangingalliance.se\\\/#website\"},\"primaryImageOfPage\":{\"@id\":\"https:\\\/\\\/www.gamechangingalliance.se\\\/kontakt\\\/#primaryimage\"},\"image\":{\"@id\":\"https:\\\/\\\/www.gamechangingalliance.se\\\/kontakt\\\/#primaryimage\"},\"thumbnailUrl\":\"https:\\\/\\\/www.gamechangingalliance.se\\\/wp-content\\\/uploads\\\/2024\\\/04\\\/P-O.jpg\",\"datePublished\":\"2024-02-29T07:05:44+00:00\",\"dateModified\":\"2024-05-14T18:16:29+00:00\",\"breadcrumb\":{\"@id\":\"https:\\\/\\\/www.gamechangingalliance.se\\\/kontakt\\\/#breadcrumb\"},\"inLanguage\":\"sv-SE\",\"potentialAction\":[{\"@type\":\"ReadAction\",\"target\":[\"https:\\\/\\\/www.gamechangingalliance.se\\\/kontakt\\\/\"]}]},{\"@type\":\"ImageObject\",\"inLanguage\":\"sv-SE\",\"@id\":\"https:\\\/\\\/www.gamechangingalliance.se\\\/kontakt\\\/#primaryimage\",\"url\":\"https:\\\/\\\/www.gamechangingalliance.se\\\/wp-content\\\/uploads\\\/2024\\\/04\\\/P-O.jpg\",\"contentUrl\":\"https:\\\/\\\/www.gamechangingalliance.se\\\/wp-content\\\/uploads\\\/2024\\\/04\\\/P-O.jpg\"},{\"@type\":\"BreadcrumbList\",\"@id\":\"https:\\\/\\\/www.gamechangingalliance.se\\\/kontakt\\\/#breadcrumb\",\"itemListElement\":[{\"@type\":\"ListItem\",\"position\":1,\"name\":\"Hem\",\"item\":\"https:\\\/\\\/www.gamechangingalliance.se\\\/\"},{\"@type\":\"ListItem\",\"position\":2,\"name\":\"Kontakt\"}]},{\"@type\":\"WebSite\",\"@id\":\"https:\\\/\\\/www.gamechangingalliance.se\\\/#website\",\"url\":\"https:\\\/\\\/www.gamechangingalliance.se\\\/\",\"name\":\"Game Changing Alliance\",\"description\":\"F\u00f6r l\u00e5ngsiktigt h\u00e5llbara transport- och logistiksystem\",\"publisher\":{\"@id\":\"https:\\\/\\\/www.gamechangingalliance.se\\\/#organization\"},\"potentialAction\":[{\"@type\":\"SearchAction\",\"target\":{\"@type\":\"EntryPoint\",\"urlTemplate\":\"https:\\\/\\\/www.gamechangingalliance.se\\\/?s={search_term_string}\"},\"query-input\":{\"@type\":\"PropertyValueSpecification\",\"valueRequired\":true,\"valueName\":\"search_term_string\"}}],\"inLanguage\":\"sv-SE\"},{\"@type\":\"Organization\",\"@id\":\"https:\\\/\\\/www.gamechangingalliance.se\\\/#organization\",\"name\":\"Game Changing Alliance\",\"url\":\"https:\\\/\\\/www.gamechangingalliance.se\\\/\",\"logo\":{\"@type\":\"ImageObject\",\"inLanguage\":\"sv-SE\",\"@id\":\"https:\\\/\\\/www.gamechangingalliance.se\\\/#\\\/schema\\\/logo\\\/image\\\/\",\"url\":\"https:\\\/\\\/www.gamechangingalliance.se\\\/wp-content\\\/uploads\\\/2024\\\/05\\\/GCA_square_green.png\",\"contentUrl\":\"https:\\\/\\\/www.gamechangingalliance.se\\\/wp-content\\\/uploads\\\/2024\\\/05\\\/GCA_square_green.png\",\"width\":323,\"height\":324,\"caption\":\"Game Changing Alliance\"},\"image\":{\"@id\":\"https:\\\/\\\/www.gamechangingalliance.se\\\/#\\\/schema\\\/logo\\\/image\\\/\"},\"sameAs\":[\"https:\\\/\\\/www.linkedin.com\\\/company\\\/game-changing-alliance\\\/\"]}]}<\/script>\n<!-- \/ Yoast SEO plugin. -->","yoast_head_json":{"title":"Kontakt - Game Changing Alliance","robots":{"index":"index","follow":"follow","max-snippet":"max-snippet:-1","max-image-preview":"max-image-preview:large","max-video-preview":"max-video-preview:-1"},"canonical":"https:\/\/www.gamechangingalliance.se\/kontakt\/","og_locale":"sv_SE","og_type":"article","og_title":"Kontakt - Game Changing Alliance","og_description":"Per Olof Arn\u00e4s, PhDGeneralsekreterare +46 709 52 34 43per-olof.arnas@gamechangingalliance.se kontakt@gamechangingalliance.se","og_url":"https:\/\/www.gamechangingalliance.se\/kontakt\/","og_site_name":"Game Changing Alliance","article_modified_time":"2024-05-14T18:16:29+00:00","og_image":[{"url":"https:\/\/www.gamechangingalliance.se\/wp-content\/uploads\/2024\/04\/P-O.jpg","type":"","width":"","height":""}],"twitter_card":"summary_large_image","twitter_misc":{"Ber\u00e4knad l\u00e4stid":"1 minut"},"schema":{"@context":"https:\/\/schema.org","@graph":[{"@type":"WebPage","@id":"https:\/\/www.gamechangingalliance.se\/kontakt\/","url":"https:\/\/www.gamechangingalliance.se\/kontakt\/","name":"Kontakt - Game Changing Alliance","isPartOf":{"@id":"https:\/\/www.gamechangingalliance.se\/#website"},"primaryImageOfPage":{"@id":"https:\/\/www.gamechangingalliance.se\/kontakt\/#primaryimage"},"image":{"@id":"https:\/\/www.gamechangingalliance.se\/kontakt\/#primaryimage"},"thumbnailUrl":"https:\/\/www.gamechangingalliance.se\/wp-content\/uploads\/2024\/04\/P-O.jpg","datePublished":"2024-02-29T07:05:44+00:00","dateModified":"2024-05-14T18:16:29+00:00","breadcrumb":{"@id":"https:\/\/www.gamechangingalliance.se\/kontakt\/#breadcrumb"},"inLanguage":"sv-SE","potentialAction":[{"@type":"ReadAction","target":["https:\/\/www.gamechangingalliance.se\/kontakt\/"]}]},{"@type":"ImageObject","inLanguage":"sv-SE","@id":"https:\/\/www.gamechangingalliance.se\/kontakt\/#primaryimage","url":"https:\/\/www.gamechangingalliance.se\/wp-content\/uploads\/2024\/04\/P-O.jpg","contentUrl":"https:\/\/www.gamechangingalliance.se\/wp-content\/uploads\/2024\/04\/P-O.jpg"},{"@type":"BreadcrumbList","@id":"https:\/\/www.gamechangingalliance.se\/kontakt\/#breadcrumb","itemListElement":[{"@type":"ListItem","position":1,"name":"Hem","item":"https:\/\/www.gamechangingalliance.se\/"},{"@type":"ListItem","position":2,"name":"Kontakt"}]},{"@type":"WebSite","@id":"https:\/\/www.gamechangingalliance.se\/#website","url":"https:\/\/www.gamechangingalliance.se\/","name":"Game Changing Alliance","description":"F\u00f6r l\u00e5ngsiktigt h\u00e5llbara transport- och logistiksystem","publisher":{"@id":"https:\/\/www.gamechangingalliance.se\/#organization"},"potentialAction":[{"@type":"SearchAction","target":{"@type":"EntryPoint","urlTemplate":"https:\/\/www.gamechangingalliance.se\/?s={search_term_string}"},"query-input":{"@type":"PropertyValueSpecification","valueRequired":true,"valueName":"search_term_string"}}],"inLanguage":"sv-SE"},{"@type":"Organization","@id":"https:\/\/www.gamechangingalliance.se\/#organization","name":"Game Changing Alliance","url":"https:\/\/www.gamechangingalliance.se\/","logo":{"@type":"ImageObject","inLanguage":"sv-SE","@id":"https:\/\/www.gamechangingalliance.se\/#\/schema\/logo\/image\/","url":"https:\/\/www.gamechangingalliance.se\/wp-content\/uploads\/2024\/05\/GCA_square_green.png","contentUrl":"https:\/\/www.gamechangingalliance.se\/wp-content\/uploads\/2024\/05\/GCA_square_green.png","width":323,"height":324,"caption":"Game Changing Alliance"},"image":{"@id":"https:\/\/www.gamechangingalliance.se\/#\/schema\/logo\/image\/"},"sameAs":["https:\/\/www.linkedin.com\/company\/game-changing-alliance\/"]}]}},"_links":{"self":[{"href":"https:\/\/www.gamechangingalliance.se\/sv\/wp-json\/wp\/v2\/pages\/112","targetHints":{"allow":["GET"]}}],"collection":[{"href":"https:\/\/www.gamechangingalliance.se\/sv\/wp-json\/wp\/v2\/pages"}],"about":[{"href":"https:\/\/www.gamechangingalliance.se\/sv\/wp-json\/wp\/v2\/types\/page"}],"author":[{"embeddable":true,"href":"https:\/\/www.gamechangingalliance.se\/sv\/wp-json\/wp\/v2\/users\/2"}],"replies":[{"embeddable":true,"href":"https:\/\/www.gamechangingalliance.se\/sv\/wp-json\/wp\/v2\/comments?post=112"}],"version-history":[{"count":5,"href":"https:\/\/www.gamechangingalliance.se\/sv\/wp-json\/wp\/v2\/pages\/112\/revisions"}],"predecessor-version":[{"id":1036,"href":"https:\/\/www.gamechangingalliance.se\/sv\/wp-json\/wp\/v2\/pages\/112\/revisions\/1036"}],"wp:attachment":[{"href":"https:\/\/www.gamechangingalliance.se\/sv\/wp-json\/wp\/v2\/media?parent=112"}],"curies":[{"name":"wp","href":"https:\/\/api.w.org\/{rel}","templated":true}]}}